{"id":277,"date":"2022-05-15T12:42:14","date_gmt":"2022-05-15T15:42:14","guid":{"rendered":"https:\/\/wmbdesenvolvimento.com.br\/fac\/?page_id=277"},"modified":"2022-05-15T12:44:21","modified_gmt":"2022-05-15T15:44:21","slug":"politica-de-pesquisa","status":"publish","type":"page","link":"https:\/\/wmbdesenvolvimento.com.br\/fac\/politica-de-pesquisa\/","title":{"rendered":"Pol\u00edtica de Pesquisa"},"content":{"rendered":"\t\t<div data-elementor-type=\"wp-page\" data-elementor-id=\"277\" class=\"elementor elementor-277\">\n\t\t\t\t\t\t\t\t\t<section class=\"elementor-section elementor-top-section elementor-element elementor-element-2464b1b7 elementor-section-full_width elementor-section-height-default elementor-section-height-default\" data-id=\"2464b1b7\" data-element_type=\"section\" data-settings=\"{&quot;background_background&quot;:&quot;classic&quot;}\">\n\t\t\t\t\t\t<div class=\"elementor-container elementor-column-gap-default\">\n\t\t\t\t\t<div class=\"elementor-column elementor-col-100 elementor-top-column elementor-element elementor-element-6dd3e0b1\" data-id=\"6dd3e0b1\" data-element_type=\"column\">\n\t\t\t<div class=\"elementor-widget-wrap elementor-element-populated\">\n\t\t\t\t\t\t\t\t<div class=\"elementor-element elementor-element-597d004 elementor-widget elementor-widget-breadcrumbs\" data-id=\"597d004\" data-element_type=\"widget\" data-widget_type=\"breadcrumbs.default\">\n\t\t\t\t<div class=\"elementor-widget-container\">\n\t\t\t<link rel=\"stylesheet\" href=\"https:\/\/wmbdesenvolvimento.com.br\/fac\/wp-content\/plugins\/elementor-pro\/assets\/css\/widget-theme-elements.min.css\"><p id=\"breadcrumbs\"><span><span><a href=\"https:\/\/wmbdesenvolvimento.com.br\/fac\/\">In\u00edcio<\/a><\/span><\/p>\t\t<\/div>\n\t\t\t\t<\/div>\n\t\t\t\t\t<\/div>\n\t\t<\/div>\n\t\t\t\t\t\t\t<\/div>\n\t\t<\/section>\n\t\t\t\t<section class=\"elementor-section elementor-top-section elementor-element elementor-element-35088b77 elementor-section-boxed elementor-section-height-default elementor-section-height-default\" data-id=\"35088b77\" data-element_type=\"section\" data-settings=\"{&quot;background_background&quot;:&quot;classic&quot;}\">\n\t\t\t\t\t\t<div class=\"elementor-container elementor-column-gap-default\">\n\t\t\t\t\t<div class=\"elementor-column elementor-col-100 elementor-top-column elementor-element elementor-element-510bff13\" data-id=\"510bff13\" data-element_type=\"column\">\n\t\t\t<div class=\"elementor-widget-wrap elementor-element-populated\">\n\t\t\t\t\t\t\t\t<div class=\"elementor-element elementor-element-2bf67bae elementor-widget elementor-widget-heading\" data-id=\"2bf67bae\" data-element_type=\"widget\" data-widget_type=\"heading.default\">\n\t\t\t\t<div class=\"elementor-widget-container\">\n\t\t\t<style>\/*! elementor - v3.6.6 - 08-06-2022 *\/\n.elementor-heading-title{padding:0;margin:0;line-height:1}.elementor-widget-heading .elementor-heading-title[class*=elementor-size-]>a{color:inherit;font-size:inherit;line-height:inherit}.elementor-widget-heading .elementor-heading-title.elementor-size-small{font-size:15px}.elementor-widget-heading .elementor-heading-title.elementor-size-medium{font-size:19px}.elementor-widget-heading .elementor-heading-title.elementor-size-large{font-size:29px}.elementor-widget-heading .elementor-heading-title.elementor-size-xl{font-size:39px}.elementor-widget-heading .elementor-heading-title.elementor-size-xxl{font-size:59px}<\/style><h2 class=\"elementor-heading-title elementor-size-default\">Pol\u00edtica de Pesquisa<\/h2>\t\t<\/div>\n\t\t\t\t<\/div>\n\t\t\t\t<div class=\"elementor-element elementor-element-66165741 elementor-widget-divider--view-line elementor-widget elementor-widget-divider\" data-id=\"66165741\" data-element_type=\"widget\" data-widget_type=\"divider.default\">\n\t\t\t\t<div class=\"elementor-widget-container\">\n\t\t\t<style>\/*! elementor - v3.6.6 - 08-06-2022 *\/\n.elementor-widget-divider{--divider-border-style:none;--divider-border-width:1px;--divider-color:#2c2c2c;--divider-icon-size:20px;--divider-element-spacing:10px;--divider-pattern-height:24px;--divider-pattern-size:20px;--divider-pattern-url:none;--divider-pattern-repeat:repeat-x}.elementor-widget-divider .elementor-divider{display:-webkit-box;display:-ms-flexbox;display:flex}.elementor-widget-divider .elementor-divider__text{font-size:15px;line-height:1;max-width:95%}.elementor-widget-divider .elementor-divider__element{margin:0 var(--divider-element-spacing);-ms-flex-negative:0;flex-shrink:0}.elementor-widget-divider .elementor-icon{font-size:var(--divider-icon-size)}.elementor-widget-divider .elementor-divider-separator{display:-webkit-box;display:-ms-flexbox;display:flex;margin:0;direction:ltr}.elementor-widget-divider--view-line_icon .elementor-divider-separator,.elementor-widget-divider--view-line_text .elementor-divider-separator{-webkit-box-align:center;-ms-flex-align:center;align-items:center}.elementor-widget-divider--view-line_icon .elementor-divider-separator:after,.elementor-widget-divider--view-line_icon .elementor-divider-separator:before,.elementor-widget-divider--view-line_text .elementor-divider-separator:after,.elementor-widget-divider--view-line_text .elementor-divider-separator:before{display:block;content:\"\";border-bottom:0;-webkit-box-flex:1;-ms-flex-positive:1;flex-grow:1;border-top:var(--divider-border-width) var(--divider-border-style) var(--divider-color)}.elementor-widget-divider--element-align-left .elementor-divider .elementor-divider-separator>.elementor-divider__svg:first-of-type{-webkit-box-flex:0;-ms-flex-positive:0;flex-grow:0;-ms-flex-negative:100;flex-shrink:100}.elementor-widget-divider--element-align-left .elementor-divider-separator:before{content:none}.elementor-widget-divider--element-align-left .elementor-divider__element{margin-left:0}.elementor-widget-divider--element-align-right .elementor-divider .elementor-divider-separator>.elementor-divider__svg:last-of-type{-webkit-box-flex:0;-ms-flex-positive:0;flex-grow:0;-ms-flex-negative:100;flex-shrink:100}.elementor-widget-divider--element-align-right .elementor-divider-separator:after{content:none}.elementor-widget-divider--element-align-right .elementor-divider__element{margin-right:0}.elementor-widget-divider:not(.elementor-widget-divider--view-line_text):not(.elementor-widget-divider--view-line_icon) .elementor-divider-separator{border-top:var(--divider-border-width) var(--divider-border-style) var(--divider-color)}.elementor-widget-divider--separator-type-pattern{--divider-border-style:none}.elementor-widget-divider--separator-type-pattern.elementor-widget-divider--view-line .elementor-divider-separator,.elementor-widget-divider--separator-type-pattern:not(.elementor-widget-divider--view-line) .elementor-divider-separator:after,.elementor-widget-divider--separator-type-pattern:not(.elementor-widget-divider--view-line) .elementor-divider-separator:before,.elementor-widget-divider--separator-type-pattern:not([class*=elementor-widget-divider--view]) .elementor-divider-separator{width:100%;min-height:var(--divider-pattern-height);-webkit-mask-size:var(--divider-pattern-size) 100%;mask-size:var(--divider-pattern-size) 100%;-webkit-mask-repeat:var(--divider-pattern-repeat);mask-repeat:var(--divider-pattern-repeat);background-color:var(--divider-color);-webkit-mask-image:var(--divider-pattern-url);mask-image:var(--divider-pattern-url)}.elementor-widget-divider--no-spacing{--divider-pattern-size:auto}.elementor-widget-divider--bg-round{--divider-pattern-repeat:round}.rtl .elementor-widget-divider .elementor-divider__text{direction:rtl}<\/style>\t\t<div class=\"elementor-divider\">\n\t\t\t<span class=\"elementor-divider-separator\">\n\t\t\t\t\t\t<\/span>\n\t\t<\/div>\n\t\t\t\t<\/div>\n\t\t\t\t<\/div>\n\t\t\t\t\t<\/div>\n\t\t<\/div>\n\t\t\t\t\t\t\t<\/div>\n\t\t<\/section>\n\t\t\t\t<section class=\"elementor-section elementor-top-section elementor-element elementor-element-5ea45621 elementor-section-boxed elementor-section-height-default elementor-section-height-default\" data-id=\"5ea45621\" data-element_type=\"section\">\n\t\t\t\t\t\t<div class=\"elementor-container elementor-column-gap-default\">\n\t\t\t\t\t<div class=\"elementor-column elementor-col-50 elementor-top-column elementor-element elementor-element-2f2f7b07\" data-id=\"2f2f7b07\" data-element_type=\"column\">\n\t\t\t<div class=\"elementor-widget-wrap elementor-element-populated\">\n\t\t\t\t\t\t\t\t<section class=\"elementor-section elementor-inner-section elementor-element elementor-element-2619aa17 elementor-section-boxed elementor-section-height-default elementor-section-height-default\" data-id=\"2619aa17\" data-element_type=\"section\">\n\t\t\t\t\t\t<div class=\"elementor-container elementor-column-gap-default\">\n\t\t\t\t\t<div class=\"elementor-column elementor-col-33 elementor-inner-column elementor-element elementor-element-25930a5b\" data-id=\"25930a5b\" data-element_type=\"column\">\n\t\t\t<div class=\"elementor-widget-wrap elementor-element-populated\">\n\t\t\t\t\t\t\t\t<div class=\"elementor-element elementor-element-7e18bf78 elementor-widget elementor-widget-text-editor\" data-id=\"7e18bf78\" data-element_type=\"widget\" data-widget_type=\"text-editor.default\">\n\t\t\t\t<div class=\"elementor-widget-container\">\n\t\t\t<style>\/*! elementor - v3.6.6 - 08-06-2022 *\/\n.elementor-widget-text-editor.elementor-drop-cap-view-stacked .elementor-drop-cap{background-color:#818a91;color:#fff}.elementor-widget-text-editor.elementor-drop-cap-view-framed .elementor-drop-cap{color:#818a91;border:3px solid;background-color:transparent}.elementor-widget-text-editor:not(.elementor-drop-cap-view-default) .elementor-drop-cap{margin-top:8px}.elementor-widget-text-editor:not(.elementor-drop-cap-view-default) .elementor-drop-cap-letter{width:1em;height:1em}.elementor-widget-text-editor .elementor-drop-cap{float:left;text-align:center;line-height:1;font-size:50px}.elementor-widget-text-editor .elementor-drop-cap-letter{display:inline-block}<\/style>\t\t\t\t<p>Compartilhar<\/p>\t\t\t\t\t\t<\/div>\n\t\t\t\t<\/div>\n\t\t\t\t\t<\/div>\n\t\t<\/div>\n\t\t\t\t<div class=\"elementor-column elementor-col-33 elementor-inner-column elementor-element elementor-element-3e9f130c\" data-id=\"3e9f130c\" data-element_type=\"column\">\n\t\t\t<div class=\"elementor-widget-wrap elementor-element-populated\">\n\t\t\t\t\t\t\t\t<div class=\"elementor-element elementor-element-622527a9 elementor-widget-divider--view-line elementor-widget elementor-widget-divider\" data-id=\"622527a9\" data-element_type=\"widget\" data-widget_type=\"divider.default\">\n\t\t\t\t<div class=\"elementor-widget-container\">\n\t\t\t\t\t<div class=\"elementor-divider\">\n\t\t\t<span class=\"elementor-divider-separator\">\n\t\t\t\t\t\t<\/span>\n\t\t<\/div>\n\t\t\t\t<\/div>\n\t\t\t\t<\/div>\n\t\t\t\t\t<\/div>\n\t\t<\/div>\n\t\t\t\t<div class=\"elementor-column elementor-col-33 elementor-inner-column elementor-element elementor-element-5f2f4f4d\" data-id=\"5f2f4f4d\" data-element_type=\"column\">\n\t\t\t<div class=\"elementor-widget-wrap elementor-element-populated\">\n\t\t\t\t\t\t\t\t<div class=\"elementor-element elementor-element-2e65c7b4 elementor-share-buttons--view-icon elementor-share-buttons--skin-minimal elementor-share-buttons--color-custom elementor-share-buttons--shape-square elementor-grid-0 elementor-widget elementor-widget-share-buttons\" data-id=\"2e65c7b4\" data-element_type=\"widget\" data-widget_type=\"share-buttons.default\">\n\t\t\t\t<div class=\"elementor-widget-container\">\n\t\t\t<link rel=\"stylesheet\" href=\"https:\/\/wmbdesenvolvimento.com.br\/fac\/wp-content\/plugins\/elementor-pro\/assets\/css\/widget-share-buttons.min.css\">\t\t<div class=\"elementor-grid\">\n\t\t\t\t\t\t\t\t<div class=\"elementor-grid-item\">\n\t\t\t\t\t\t<div class=\"elementor-share-btn elementor-share-btn_facebook\" tabindex=\"0\" aria-label=\"Compartilhar no facebook\">\n\t\t\t\t\t\t\t\t\t\t\t\t\t\t\t<span class=\"elementor-share-btn__icon\">\n\t\t\t\t\t\t\t\t<i class=\"fab fa-facebook\" aria-hidden=\"true\"><\/i>\t\t\t\t\t\t\t<\/span>\n\t\t\t\t\t\t\t\t\t\t\t\t\t\t\t\t\t\t\t\t<\/div>\n\t\t\t\t\t<\/div>\n\t\t\t\t\t\t\t\t\t<div class=\"elementor-grid-item\">\n\t\t\t\t\t\t<div class=\"elementor-share-btn elementor-share-btn_twitter\" tabindex=\"0\" aria-label=\"Compartilhar no twitter\">\n\t\t\t\t\t\t\t\t\t\t\t\t\t\t\t<span class=\"elementor-share-btn__icon\">\n\t\t\t\t\t\t\t\t<i class=\"fab fa-twitter\" aria-hidden=\"true\"><\/i>\t\t\t\t\t\t\t<\/span>\n\t\t\t\t\t\t\t\t\t\t\t\t\t\t\t\t\t\t\t\t<\/div>\n\t\t\t\t\t<\/div>\n\t\t\t\t\t\t\t\t\t<div class=\"elementor-grid-item\">\n\t\t\t\t\t\t<div class=\"elementor-share-btn elementor-share-btn_whatsapp\" tabindex=\"0\" aria-label=\"Compartilhar no whatsapp\">\n\t\t\t\t\t\t\t\t\t\t\t\t\t\t\t<span class=\"elementor-share-btn__icon\">\n\t\t\t\t\t\t\t\t<i class=\"fab fa-whatsapp\" aria-hidden=\"true\"><\/i>\t\t\t\t\t\t\t<\/span>\n\t\t\t\t\t\t\t\t\t\t\t\t\t\t\t\t\t\t\t\t<\/div>\n\t\t\t\t\t<\/div>\n\t\t\t\t\t\t<\/div>\n\t\t\t\t<\/div>\n\t\t\t\t<\/div>\n\t\t\t\t\t<\/div>\n\t\t<\/div>\n\t\t\t\t\t\t\t<\/div>\n\t\t<\/section>\n\t\t\t\t\t<\/div>\n\t\t<\/div>\n\t\t\t\t<div class=\"elementor-column elementor-col-50 elementor-top-column elementor-element elementor-element-38a32ad4\" data-id=\"38a32ad4\" data-element_type=\"column\">\n\t\t\t<div class=\"elementor-widget-wrap\">\n\t\t\t\t\t\t\t\t\t<\/div>\n\t\t<\/div>\n\t\t\t\t\t\t\t<\/div>\n\t\t<\/section>\n\t\t\t\t<section class=\"elementor-section elementor-top-section elementor-element elementor-element-57eb8fad elementor-section-boxed elementor-section-height-default elementor-section-height-default\" data-id=\"57eb8fad\" data-element_type=\"section\">\n\t\t\t\t\t\t<div class=\"elementor-container elementor-column-gap-default\">\n\t\t\t\t\t<div class=\"elementor-column elementor-col-100 elementor-top-column elementor-element elementor-element-7ab386d5\" data-id=\"7ab386d5\" data-element_type=\"column\" data-settings=\"{&quot;background_background&quot;:&quot;classic&quot;}\">\n\t\t\t<div class=\"elementor-widget-wrap elementor-element-populated\">\n\t\t\t\t\t\t\t\t<section class=\"elementor-section elementor-inner-section elementor-element elementor-element-3360a2f elementor-section-boxed elementor-section-height-default elementor-section-height-default\" data-id=\"3360a2f\" data-element_type=\"section\">\n\t\t\t\t\t\t<div class=\"elementor-container elementor-column-gap-default\">\n\t\t\t\t\t<div class=\"elementor-column elementor-col-50 elementor-inner-column elementor-element elementor-element-fb200bf\" data-id=\"fb200bf\" data-element_type=\"column\">\n\t\t\t<div class=\"elementor-widget-wrap elementor-element-populated\">\n\t\t\t\t\t\t\t\t<div class=\"elementor-element elementor-element-55dad376 elementor-widget elementor-widget-text-editor\" data-id=\"55dad376\" data-element_type=\"widget\" data-widget_type=\"text-editor.default\">\n\t\t\t\t<div class=\"elementor-widget-container\">\n\t\t\t\t\t\t\t<p>A Institui\u00e7\u00e3o incentiva e ap\u00f3ia a pesquisa, diretamente ou por meio da concess\u00e3o de aux\u00edlio para a execu\u00e7\u00e3o de projetos cient\u00edficos, bolsas especiais, forma\u00e7\u00e3o de pessoal p\u00f3s-graduado, promo\u00e7\u00e3o de congressos e semin\u00e1rios, interc\u00e2mbio com outras institui\u00e7\u00f5es, divulga\u00e7\u00e3o dos resultados das pesquisas realizadas e outros meios ao seu alcance.<\/p><p>As atividades de apoio \u00e0 pesquisa s\u00e3o coordenadas por professor designado pelo Diretor Geral e os projetos de pesquisa ou de inicia\u00e7\u00e3o cient\u00edfica s\u00e3o coordenados pelo coordenador do curso a que afeta sua execu\u00e7\u00e3o, ou por coordenador designado pelo Diretor Geral.<\/p><p>Cabe ao CONSU regulamentar as atividades de pesquisa nos aspectos relativos \u00e0 sua organiza\u00e7\u00e3o, administra\u00e7\u00e3o, financiamento e funcionamento, assim como os relacionados \u00e0 sua avalia\u00e7\u00e3o e divulga\u00e7\u00e3o.<\/p>\t\t\t\t\t\t<\/div>\n\t\t\t\t<\/div>\n\t\t\t\t\t<\/div>\n\t\t<\/div>\n\t\t\t\t<div class=\"elementor-column elementor-col-50 elementor-inner-column elementor-element elementor-element-6b87df4\" data-id=\"6b87df4\" data-element_type=\"column\">\n\t\t\t<div class=\"elementor-widget-wrap elementor-element-populated\">\n\t\t\t\t\t\t\t\t<div class=\"elementor-element elementor-element-4bc006a elementor-widget elementor-widget-text-editor\" data-id=\"4bc006a\" data-element_type=\"widget\" data-widget_type=\"text-editor.default\">\n\t\t\t\t<div class=\"elementor-widget-container\">\n\t\t\t\t\t\t\t<p>Os cursos t\u00e9cnicos e de extens\u00e3o abertos a portadores dos requisitos exigidos em cada caso destinam-se \u00e0 divulga\u00e7\u00e3o e atualiza\u00e7\u00e3o de conhecimentos e t\u00e9cnicas, visando \u00e0 eleva\u00e7\u00e3o cultural da comunidade.<\/p><p>Os cursos sequenciais por campo de saber, de diferentes n\u00edveis de abrang\u00eancia, est\u00e3o abertos a candidatos que atendam aos requisitos estabelecidos pela Institui\u00e7\u00e3o e de acordo com as leis educacionais vigentes.<\/p><p>Estar\u00e3o assegurados, nos cursos da Institui\u00e7\u00e3o, os requisitos de acessibilidade para pessoas portadoras de defici\u00eancia, conforme determina a Portaria MEC no 3.284\/2003 e o Decreto no 5.296, de 2\/12\/2004.<\/p>\t\t\t\t\t\t<\/div>\n\t\t\t\t<\/div>\n\t\t\t\t\t<\/div>\n\t\t<\/div>\n\t\t\t\t\t\t\t<\/div>\n\t\t<\/section>\n\t\t\t\t\t<\/div>\n\t\t<\/div>\n\t\t\t\t\t\t\t<\/div>\n\t\t<\/section>\n\t\t\t\t\t\t\t<\/div>\n\t\t","protected":false},"excerpt":{"rendered":"<p>Pol\u00edtica de Pesquisa Compartilhar A Institui\u00e7\u00e3o incentiva e ap\u00f3ia a pesquisa, diretamente ou por meio da concess\u00e3o de aux\u00edlio para a execu\u00e7\u00e3o de projetos cient\u00edficos, bolsas especiais, forma\u00e7\u00e3o de pessoal p\u00f3s-graduado, promo\u00e7\u00e3o de congressos e semin\u00e1rios, interc\u00e2mbio com outras institui\u00e7\u00f5es, divulga\u00e7\u00e3o dos resultados das pesquisas realizadas e outros meios ao seu alcance. As atividades de [&hellip;]<\/p>\n","protected":false},"author":1,"featured_media":0,"parent":0,"menu_order":0,"comment_status":"closed","ping_status":"closed","template":"","meta":{"inline_featured_image":false,"footnotes":""},"class_list":["post-277","page","type-page","status-publish","hentry"],"acf":[],"yoast_head":"<!-- This site is optimized with the Yoast SEO plugin v19.2 - https:\/\/yoast.com\/wordpress\/plugins\/seo\/ -->\n<title>Pol\u00edtica de Pesquisa - Uninassau<\/title>\n<meta name=\"robots\" content=\"index, follow, max-snippet:-1, max-image-preview:large, max-video-preview:-1\" \/>\n<link rel=\"canonical\" href=\"https:\/\/wmbdesenvolvimento.com.br\/fac\/politica-de-pesquisa\/\" \/>\n<meta property=\"og:locale\" content=\"pt_BR\" \/>\n<meta property=\"og:type\" content=\"article\" \/>\n<meta property=\"og:title\" content=\"Pol\u00edtica de Pesquisa - Uninassau\" \/>\n<meta property=\"og:description\" content=\"Pol\u00edtica de Pesquisa Compartilhar A Institui\u00e7\u00e3o incentiva e ap\u00f3ia a pesquisa, diretamente ou por meio da concess\u00e3o de aux\u00edlio para a execu\u00e7\u00e3o de projetos cient\u00edficos, bolsas especiais, forma\u00e7\u00e3o de pessoal p\u00f3s-graduado, promo\u00e7\u00e3o de congressos e semin\u00e1rios, interc\u00e2mbio com outras institui\u00e7\u00f5es, divulga\u00e7\u00e3o dos resultados das pesquisas realizadas e outros meios ao seu alcance. As atividades de [&hellip;]\" \/>\n<meta property=\"og:url\" content=\"https:\/\/wmbdesenvolvimento.com.br\/fac\/politica-de-pesquisa\/\" \/>\n<meta property=\"og:site_name\" content=\"Uninassau\" \/>\n<meta property=\"article:modified_time\" content=\"2022-05-15T15:44:21+00:00\" \/>\n<meta name=\"author\" content=\"admin\" \/>\n<meta name=\"twitter:card\" content=\"summary_large_image\" \/>\n<meta name=\"twitter:label1\" content=\"Est. tempo de leitura\" \/>\n\t<meta name=\"twitter:data1\" content=\"2 minutos\" \/>\n<script type=\"application\/ld+json\" class=\"yoast-schema-graph\">{\"@context\":\"https:\/\/schema.org\",\"@graph\":[{\"@type\":\"WebSite\",\"@id\":\"https:\/\/wmbdesenvolvimento.com.br\/fac\/#website\",\"url\":\"https:\/\/wmbdesenvolvimento.com.br\/fac\/\",\"name\":\"Uninassau\",\"description\":\"Site Oficial\",\"potentialAction\":[{\"@type\":\"SearchAction\",\"target\":{\"@type\":\"EntryPoint\",\"urlTemplate\":\"https:\/\/wmbdesenvolvimento.com.br\/fac\/?s={search_term_string}\"},\"query-input\":\"required name=search_term_string\"}],\"inLanguage\":\"pt-BR\"},{\"@type\":\"WebPage\",\"@id\":\"https:\/\/wmbdesenvolvimento.com.br\/fac\/politica-de-pesquisa\/#webpage\",\"url\":\"https:\/\/wmbdesenvolvimento.com.br\/fac\/politica-de-pesquisa\/\",\"name\":\"Pol\u00edtica de Pesquisa - Uninassau\",\"isPartOf\":{\"@id\":\"https:\/\/wmbdesenvolvimento.com.br\/fac\/#website\"},\"datePublished\":\"2022-05-15T15:42:14+00:00\",\"dateModified\":\"2022-05-15T15:44:21+00:00\",\"breadcrumb\":{\"@id\":\"https:\/\/wmbdesenvolvimento.com.br\/fac\/politica-de-pesquisa\/#breadcrumb\"},\"inLanguage\":\"pt-BR\",\"potentialAction\":[{\"@type\":\"ReadAction\",\"target\":[\"https:\/\/wmbdesenvolvimento.com.br\/fac\/politica-de-pesquisa\/\"]}]},{\"@type\":\"BreadcrumbList\",\"@id\":\"https:\/\/wmbdesenvolvimento.com.br\/fac\/politica-de-pesquisa\/#breadcrumb\",\"itemListElement\":[{\"@type\":\"ListItem\",\"position\":1,\"name\":\"In\u00edcio\",\"item\":\"https:\/\/wmbdesenvolvimento.com.br\/fac\/\"},{\"@type\":\"ListItem\",\"position\":2,\"name\":\"Pol\u00edtica de Pesquisa\"}]}]}<\/script>\n<!-- \/ Yoast SEO plugin. -->","yoast_head_json":{"title":"Pol\u00edtica de Pesquisa - Uninassau","robots":{"index":"index","follow":"follow","max-snippet":"max-snippet:-1","max-image-preview":"max-image-preview:large","max-video-preview":"max-video-preview:-1"},"canonical":"https:\/\/wmbdesenvolvimento.com.br\/fac\/politica-de-pesquisa\/","og_locale":"pt_BR","og_type":"article","og_title":"Pol\u00edtica de Pesquisa - Uninassau","og_description":"Pol\u00edtica de Pesquisa Compartilhar A Institui\u00e7\u00e3o incentiva e ap\u00f3ia a pesquisa, diretamente ou por meio da concess\u00e3o de aux\u00edlio para a execu\u00e7\u00e3o de projetos cient\u00edficos, bolsas especiais, forma\u00e7\u00e3o de pessoal p\u00f3s-graduado, promo\u00e7\u00e3o de congressos e semin\u00e1rios, interc\u00e2mbio com outras institui\u00e7\u00f5es, divulga\u00e7\u00e3o dos resultados das pesquisas realizadas e outros meios ao seu alcance. As atividades de [&hellip;]","og_url":"https:\/\/wmbdesenvolvimento.com.br\/fac\/politica-de-pesquisa\/","og_site_name":"Uninassau","article_modified_time":"2022-05-15T15:44:21+00:00","author":"admin","twitter_card":"summary_large_image","twitter_misc":{"Est. tempo de leitura":"2 minutos"},"schema":{"@context":"https:\/\/schema.org","@graph":[{"@type":"WebSite","@id":"https:\/\/wmbdesenvolvimento.com.br\/fac\/#website","url":"https:\/\/wmbdesenvolvimento.com.br\/fac\/","name":"Uninassau","description":"Site Oficial","potentialAction":[{"@type":"SearchAction","target":{"@type":"EntryPoint","urlTemplate":"https:\/\/wmbdesenvolvimento.com.br\/fac\/?s={search_term_string}"},"query-input":"required name=search_term_string"}],"inLanguage":"pt-BR"},{"@type":"WebPage","@id":"https:\/\/wmbdesenvolvimento.com.br\/fac\/politica-de-pesquisa\/#webpage","url":"https:\/\/wmbdesenvolvimento.com.br\/fac\/politica-de-pesquisa\/","name":"Pol\u00edtica de Pesquisa - Uninassau","isPartOf":{"@id":"https:\/\/wmbdesenvolvimento.com.br\/fac\/#website"},"datePublished":"2022-05-15T15:42:14+00:00","dateModified":"2022-05-15T15:44:21+00:00","breadcrumb":{"@id":"https:\/\/wmbdesenvolvimento.com.br\/fac\/politica-de-pesquisa\/#breadcrumb"},"inLanguage":"pt-BR","potentialAction":[{"@type":"ReadAction","target":["https:\/\/wmbdesenvolvimento.com.br\/fac\/politica-de-pesquisa\/"]}]},{"@type":"BreadcrumbList","@id":"https:\/\/wmbdesenvolvimento.com.br\/fac\/politica-de-pesquisa\/#breadcrumb","itemListElement":[{"@type":"ListItem","position":1,"name":"In\u00edcio","item":"https:\/\/wmbdesenvolvimento.com.br\/fac\/"},{"@type":"ListItem","position":2,"name":"Pol\u00edtica de Pesquisa"}]}]}},"_links":{"self":[{"href":"https:\/\/wmbdesenvolvimento.com.br\/fac\/wp-json\/wp\/v2\/pages\/277","targetHints":{"allow":["GET"]}}],"collection":[{"href":"https:\/\/wmbdesenvolvimento.com.br\/fac\/wp-json\/wp\/v2\/pages"}],"about":[{"href":"https:\/\/wmbdesenvolvimento.com.br\/fac\/wp-json\/wp\/v2\/types\/page"}],"author":[{"embeddable":true,"href":"https:\/\/wmbdesenvolvimento.com.br\/fac\/wp-json\/wp\/v2\/users\/1"}],"replies":[{"embeddable":true,"href":"https:\/\/wmbdesenvolvimento.com.br\/fac\/wp-json\/wp\/v2\/comments?post=277"}],"version-history":[{"count":0,"href":"https:\/\/wmbdesenvolvimento.com.br\/fac\/wp-json\/wp\/v2\/pages\/277\/revisions"}],"wp:attachment":[{"href":"https:\/\/wmbdesenvolvimento.com.br\/fac\/wp-json\/wp\/v2\/media?parent=277"}],"curies":[{"name":"wp","href":"https:\/\/api.w.org\/{rel}","templated":true}]}}