{"id":1003,"date":"2022-06-09T07:36:39","date_gmt":"2022-06-09T10:36:39","guid":{"rendered":"https:\/\/wmbdesenvolvimento.com.br\/fac\/?page_id=1003"},"modified":"2022-06-21T14:20:34","modified_gmt":"2022-06-21T17:20:34","slug":"enade","status":"publish","type":"page","link":"https:\/\/wmbdesenvolvimento.com.br\/fac\/enade\/","title":{"rendered":"ENADE"},"content":{"rendered":"\t\t<div data-elementor-type=\"wp-page\" data-elementor-id=\"1003\" class=\"elementor elementor-1003\">\n\t\t\t\t\t\t\t\t\t<section class=\"elementor-section elementor-top-section elementor-element elementor-element-61fc103 elementor-section-boxed elementor-section-height-default elementor-section-height-default\" data-id=\"61fc103\" data-element_type=\"section\" data-settings=\"{&quot;background_background&quot;:&quot;classic&quot;}\">\n\t\t\t\t\t\t<div class=\"elementor-container elementor-column-gap-default\">\n\t\t\t\t\t<div class=\"elementor-column elementor-col-50 elementor-top-column elementor-element elementor-element-1b23ab2\" data-id=\"1b23ab2\" data-element_type=\"column\">\n\t\t\t<div class=\"elementor-widget-wrap elementor-element-populated\">\n\t\t\t\t\t\t\t\t<div class=\"elementor-element elementor-element-e8f6712 elementor-widget elementor-widget-heading\" data-id=\"e8f6712\" data-element_type=\"widget\" data-widget_type=\"heading.default\">\n\t\t\t\t<div class=\"elementor-widget-container\">\n\t\t\t<style>\/*! elementor - v3.6.6 - 08-06-2022 *\/\n.elementor-heading-title{padding:0;margin:0;line-height:1}.elementor-widget-heading .elementor-heading-title[class*=elementor-size-]>a{color:inherit;font-size:inherit;line-height:inherit}.elementor-widget-heading .elementor-heading-title.elementor-size-small{font-size:15px}.elementor-widget-heading .elementor-heading-title.elementor-size-medium{font-size:19px}.elementor-widget-heading .elementor-heading-title.elementor-size-large{font-size:29px}.elementor-widget-heading .elementor-heading-title.elementor-size-xl{font-size:39px}.elementor-widget-heading .elementor-heading-title.elementor-size-xxl{font-size:59px}<\/style><h2 class=\"elementor-heading-title elementor-size-default\">ENADE<\/h2>\t\t<\/div>\n\t\t\t\t<\/div>\n\t\t\t\t<div class=\"elementor-element elementor-element-84fd0ce elementor-widget-divider--view-line elementor-widget elementor-widget-divider\" data-id=\"84fd0ce\" data-element_type=\"widget\" data-widget_type=\"divider.default\">\n\t\t\t\t<div class=\"elementor-widget-container\">\n\t\t\t<style>\/*! elementor - v3.6.6 - 08-06-2022 *\/\n.elementor-widget-divider{--divider-border-style:none;--divider-border-width:1px;--divider-color:#2c2c2c;--divider-icon-size:20px;--divider-element-spacing:10px;--divider-pattern-height:24px;--divider-pattern-size:20px;--divider-pattern-url:none;--divider-pattern-repeat:repeat-x}.elementor-widget-divider .elementor-divider{display:-webkit-box;display:-ms-flexbox;display:flex}.elementor-widget-divider .elementor-divider__text{font-size:15px;line-height:1;max-width:95%}.elementor-widget-divider .elementor-divider__element{margin:0 var(--divider-element-spacing);-ms-flex-negative:0;flex-shrink:0}.elementor-widget-divider .elementor-icon{font-size:var(--divider-icon-size)}.elementor-widget-divider .elementor-divider-separator{display:-webkit-box;display:-ms-flexbox;display:flex;margin:0;direction:ltr}.elementor-widget-divider--view-line_icon .elementor-divider-separator,.elementor-widget-divider--view-line_text .elementor-divider-separator{-webkit-box-align:center;-ms-flex-align:center;align-items:center}.elementor-widget-divider--view-line_icon .elementor-divider-separator:after,.elementor-widget-divider--view-line_icon .elementor-divider-separator:before,.elementor-widget-divider--view-line_text .elementor-divider-separator:after,.elementor-widget-divider--view-line_text .elementor-divider-separator:before{display:block;content:\"\";border-bottom:0;-webkit-box-flex:1;-ms-flex-positive:1;flex-grow:1;border-top:var(--divider-border-width) var(--divider-border-style) var(--divider-color)}.elementor-widget-divider--element-align-left .elementor-divider .elementor-divider-separator>.elementor-divider__svg:first-of-type{-webkit-box-flex:0;-ms-flex-positive:0;flex-grow:0;-ms-flex-negative:100;flex-shrink:100}.elementor-widget-divider--element-align-left .elementor-divider-separator:before{content:none}.elementor-widget-divider--element-align-left .elementor-divider__element{margin-left:0}.elementor-widget-divider--element-align-right .elementor-divider .elementor-divider-separator>.elementor-divider__svg:last-of-type{-webkit-box-flex:0;-ms-flex-positive:0;flex-grow:0;-ms-flex-negative:100;flex-shrink:100}.elementor-widget-divider--element-align-right .elementor-divider-separator:after{content:none}.elementor-widget-divider--element-align-right .elementor-divider__element{margin-right:0}.elementor-widget-divider:not(.elementor-widget-divider--view-line_text):not(.elementor-widget-divider--view-line_icon) .elementor-divider-separator{border-top:var(--divider-border-width) var(--divider-border-style) var(--divider-color)}.elementor-widget-divider--separator-type-pattern{--divider-border-style:none}.elementor-widget-divider--separator-type-pattern.elementor-widget-divider--view-line .elementor-divider-separator,.elementor-widget-divider--separator-type-pattern:not(.elementor-widget-divider--view-line) .elementor-divider-separator:after,.elementor-widget-divider--separator-type-pattern:not(.elementor-widget-divider--view-line) .elementor-divider-separator:before,.elementor-widget-divider--separator-type-pattern:not([class*=elementor-widget-divider--view]) .elementor-divider-separator{width:100%;min-height:var(--divider-pattern-height);-webkit-mask-size:var(--divider-pattern-size) 100%;mask-size:var(--divider-pattern-size) 100%;-webkit-mask-repeat:var(--divider-pattern-repeat);mask-repeat:var(--divider-pattern-repeat);background-color:var(--divider-color);-webkit-mask-image:var(--divider-pattern-url);mask-image:var(--divider-pattern-url)}.elementor-widget-divider--no-spacing{--divider-pattern-size:auto}.elementor-widget-divider--bg-round{--divider-pattern-repeat:round}.rtl .elementor-widget-divider .elementor-divider__text{direction:rtl}<\/style>\t\t<div class=\"elementor-divider\">\n\t\t\t<span class=\"elementor-divider-separator\">\n\t\t\t\t\t\t<\/span>\n\t\t<\/div>\n\t\t\t\t<\/div>\n\t\t\t\t<\/div>\n\t\t\t\t<div class=\"elementor-element elementor-element-b2f849b elementor-widget elementor-widget-text-editor\" data-id=\"b2f849b\" data-element_type=\"widget\" data-widget_type=\"text-editor.default\">\n\t\t\t\t<div class=\"elementor-widget-container\">\n\t\t\t<style>\/*! elementor - v3.6.6 - 08-06-2022 *\/\n.elementor-widget-text-editor.elementor-drop-cap-view-stacked .elementor-drop-cap{background-color:#818a91;color:#fff}.elementor-widget-text-editor.elementor-drop-cap-view-framed .elementor-drop-cap{color:#818a91;border:3px solid;background-color:transparent}.elementor-widget-text-editor:not(.elementor-drop-cap-view-default) .elementor-drop-cap{margin-top:8px}.elementor-widget-text-editor:not(.elementor-drop-cap-view-default) .elementor-drop-cap-letter{width:1em;height:1em}.elementor-widget-text-editor .elementor-drop-cap{float:left;text-align:center;line-height:1;font-size:50px}.elementor-widget-text-editor .elementor-drop-cap-letter{display:inline-block}<\/style>\t\t\t\t<p>O Exame Nacional de Desempenho dos Estudantes (Enade) \u00e9 um dos procedimentos de avalia\u00e7\u00e3o do Sistema Nacional de Avalia\u00e7\u00e3o da Educa\u00e7\u00e3o Superior (Sinaes). O Enade \u00e9 realizado pelo Instituto Nacional de Estudos e Pesquisas Educacionais An\u00edsio Teixeira (Inep),\u00a0<\/p>\t\t\t\t\t\t<\/div>\n\t\t\t\t<\/div>\n\t\t\t\t<section class=\"elementor-section elementor-inner-section elementor-element elementor-element-925e254 elementor-section-full_width elementor-section-height-default elementor-section-height-default\" data-id=\"925e254\" data-element_type=\"section\">\n\t\t\t\t\t\t<div class=\"elementor-container elementor-column-gap-no\">\n\t\t\t\t\t<div class=\"elementor-column elementor-col-100 elementor-inner-column elementor-element elementor-element-d941a1f\" data-id=\"d941a1f\" data-element_type=\"column\">\n\t\t\t<div class=\"elementor-widget-wrap elementor-element-populated\">\n\t\t\t\t\t\t\t\t<div class=\"elementor-element elementor-element-a87833c elementor-widget elementor-widget-button\" data-id=\"a87833c\" data-element_type=\"widget\" data-widget_type=\"button.default\">\n\t\t\t\t<div class=\"elementor-widget-container\">\n\t\t\t\t\t<div class=\"elementor-button-wrapper\">\n\t\t\t<a href=\"#descer\" class=\"elementor-button-link elementor-button elementor-size-sm\" role=\"button\">\n\t\t\t\t\t\t<span class=\"elementor-button-content-wrapper\">\n\t\t\t\t\t\t<span class=\"elementor-button-text\">Saiba Mais<\/span>\n\t\t<\/span>\n\t\t\t\t\t<\/a>\n\t\t<\/div>\n\t\t\t\t<\/div>\n\t\t\t\t<\/div>\n\t\t\t\t\t<\/div>\n\t\t<\/div>\n\t\t\t\t\t\t\t<\/div>\n\t\t<\/section>\n\t\t\t\t\t<\/div>\n\t\t<\/div>\n\t\t\t\t<div class=\"elementor-column elementor-col-50 elementor-top-column elementor-element elementor-element-a66c9d1\" data-id=\"a66c9d1\" data-element_type=\"column\">\n\t\t\t<div class=\"elementor-widget-wrap\">\n\t\t\t\t\t\t\t\t\t<\/div>\n\t\t<\/div>\n\t\t\t\t\t\t\t<\/div>\n\t\t<\/section>\n\t\t\t\t<section class=\"elementor-section elementor-top-section elementor-element elementor-element-2118758 elementor-section-full_width elementor-section-height-default elementor-section-height-default\" data-id=\"2118758\" data-element_type=\"section\">\n\t\t\t\t\t\t<div class=\"elementor-container elementor-column-gap-no\">\n\t\t\t\t\t<div class=\"elementor-column elementor-col-100 elementor-top-column elementor-element elementor-element-6b0db5a\" data-id=\"6b0db5a\" data-element_type=\"column\">\n\t\t\t<div class=\"elementor-widget-wrap elementor-element-populated\">\n\t\t\t\t\t\t\t\t<div class=\"elementor-element elementor-element-9d2de24 elementor-hidden-desktop elementor-hidden-tablet elementor-widget elementor-widget-image\" data-id=\"9d2de24\" data-element_type=\"widget\" data-widget_type=\"image.default\">\n\t\t\t\t<div class=\"elementor-widget-container\">\n\t\t\t<style>\/*! elementor - v3.6.6 - 08-06-2022 *\/\n.elementor-widget-image{text-align:center}.elementor-widget-image a{display:inline-block}.elementor-widget-image a img[src$=\".svg\"]{width:48px}.elementor-widget-image img{vertical-align:middle;display:inline-block}<\/style>\t\t\t\t\t\t\t\t\t\t\t\t<img loading=\"lazy\" decoding=\"async\" width=\"600\" height=\"392\" src=\"https:\/\/wmbdesenvolvimento.com.br\/fac\/wp-content\/uploads\/2022\/06\/enademob.jpg\" class=\"attachment-large size-large\" alt=\"\" srcset=\"https:\/\/wmbdesenvolvimento.com.br\/fac\/wp-content\/uploads\/2022\/06\/enademob.jpg 858w, https:\/\/wmbdesenvolvimento.com.br\/fac\/wp-content\/uploads\/2022\/06\/enademob-300x196.jpg 300w, https:\/\/wmbdesenvolvimento.com.br\/fac\/wp-content\/uploads\/2022\/06\/enademob-768x501.jpg 768w\" sizes=\"auto, (max-width: 600px) 100vw, 600px\" \/>\t\t\t\t\t\t\t\t\t\t\t\t\t\t\t<\/div>\n\t\t\t\t<\/div>\n\t\t\t\t\t<\/div>\n\t\t<\/div>\n\t\t\t\t\t\t\t<\/div>\n\t\t<\/section>\n\t\t\t\t<section class=\"elementor-section elementor-top-section elementor-element elementor-element-322a312 elementor-section-boxed elementor-section-height-default elementor-section-height-default\" data-id=\"322a312\" data-element_type=\"section\" data-settings=\"{&quot;background_background&quot;:&quot;classic&quot;}\">\n\t\t\t\t\t\t<div class=\"elementor-container elementor-column-gap-default\">\n\t\t\t\t\t<div class=\"elementor-column elementor-col-100 elementor-top-column elementor-element elementor-element-329c7f7\" data-id=\"329c7f7\" data-element_type=\"column\" data-settings=\"{&quot;background_background&quot;:&quot;classic&quot;}\">\n\t\t\t<div class=\"elementor-widget-wrap elementor-element-populated\">\n\t\t\t\t\t\t\t\t<div class=\"elementor-element elementor-element-db3811c elementor-widget elementor-widget-menu-anchor\" data-id=\"db3811c\" data-element_type=\"widget\" data-widget_type=\"menu-anchor.default\">\n\t\t\t\t<div class=\"elementor-widget-container\">\n\t\t\t<style>\/*! elementor - v3.6.6 - 08-06-2022 *\/\nbody.elementor-page .elementor-widget-menu-anchor{margin-bottom:0}<\/style>\t\t<div id=\"descer\" class=\"elementor-menu-anchor\"><\/div>\n\t\t\t\t<\/div>\n\t\t\t\t<\/div>\n\t\t\t\t<div class=\"elementor-element elementor-element-4ceca16 elementor-widget elementor-widget-text-editor\" data-id=\"4ceca16\" data-element_type=\"widget\" data-widget_type=\"text-editor.default\">\n\t\t\t\t<div class=\"elementor-widget-container\">\n\t\t\t\t\t\t\t<p>\u00c9 objetivo do Enade acompanhar o processo de aprendizagem e o desempenho acad\u00eamico dos estudantes em rela\u00e7\u00e3o aos conte\u00fados program\u00e1ticos previstos nas diretrizes curriculares do respectivo curso de gradua\u00e7\u00e3o, suas habilidades para ajustamento \u00e0s exig\u00eancias decorrentes da evolu\u00e7\u00e3o do conhecimento e suas compet\u00eancias para compreender temas exteriores ao \u00e2mbito espec\u00edfico de sua profiss\u00e3o, ligados \u00e0 realidade brasileira e mundial e a outras \u00e1reas do conhecimento.&nbsp;<\/p><p>Seus resultados poder\u00e3o produzir dados por institui\u00e7\u00e3o de educa\u00e7\u00e3o superior, categoria administrativa, organiza\u00e7\u00e3o acad\u00eamica, munic\u00edpio, estado e regi\u00e3o. Assim, ser\u00e3o constitu\u00eddos referenciais que permitam a defini\u00e7\u00e3o de a\u00e7\u00f5es voltadas para a melhoria da qualidade dos cursos.<\/p>\n<p><br><\/p>\t\t\t\t\t\t<\/div>\n\t\t\t\t<\/div>\n\t\t\t\t\t<\/div>\n\t\t<\/div>\n\t\t\t\t\t\t\t<\/div>\n\t\t<\/section>\n\t\t\t\t\t\t\t<\/div>\n\t\t","protected":false},"excerpt":{"rendered":"<p>ENADE O Exame Nacional de Desempenho dos Estudantes (Enade) \u00e9 um dos procedimentos de avalia\u00e7\u00e3o do Sistema Nacional de Avalia\u00e7\u00e3o da Educa\u00e7\u00e3o Superior (Sinaes). O Enade \u00e9 realizado pelo Instituto Nacional de Estudos e Pesquisas Educacionais An\u00edsio Teixeira (Inep),\u00a0 Saiba Mais \u00c9 objetivo do Enade acompanhar o processo de aprendizagem e o desempenho acad\u00eamico dos [&hellip;]<\/p>\n","protected":false},"author":1,"featured_media":0,"parent":0,"menu_order":0,"comment_status":"closed","ping_status":"closed","template":"","meta":{"inline_featured_image":false,"footnotes":""},"class_list":["post-1003","page","type-page","status-publish","hentry"],"acf":[],"yoast_head":"<!-- This site is optimized with the Yoast SEO plugin v19.2 - https:\/\/yoast.com\/wordpress\/plugins\/seo\/ -->\n<title>ENADE - Uninassau<\/title>\n<meta name=\"robots\" content=\"index, follow, max-snippet:-1, max-image-preview:large, max-video-preview:-1\" \/>\n<link rel=\"canonical\" href=\"https:\/\/wmbdesenvolvimento.com.br\/fac\/enade\/\" \/>\n<meta property=\"og:locale\" content=\"pt_BR\" \/>\n<meta property=\"og:type\" content=\"article\" \/>\n<meta property=\"og:title\" content=\"ENADE - Uninassau\" \/>\n<meta property=\"og:description\" content=\"ENADE O Exame Nacional de Desempenho dos Estudantes (Enade) \u00e9 um dos procedimentos de avalia\u00e7\u00e3o do Sistema Nacional de Avalia\u00e7\u00e3o da Educa\u00e7\u00e3o Superior (Sinaes). O Enade \u00e9 realizado pelo Instituto Nacional de Estudos e Pesquisas Educacionais An\u00edsio Teixeira (Inep),\u00a0 Saiba Mais \u00c9 objetivo do Enade acompanhar o processo de aprendizagem e o desempenho acad\u00eamico dos [&hellip;]\" \/>\n<meta property=\"og:url\" content=\"https:\/\/wmbdesenvolvimento.com.br\/fac\/enade\/\" \/>\n<meta property=\"og:site_name\" content=\"Uninassau\" \/>\n<meta property=\"article:modified_time\" content=\"2022-06-21T17:20:34+00:00\" \/>\n<meta property=\"og:image\" content=\"https:\/\/wmbdesenvolvimento.com.br\/fac\/wp-content\/uploads\/2022\/06\/enademob.jpg\" \/>\n<meta name=\"author\" content=\"admin\" \/>\n<meta name=\"twitter:card\" content=\"summary_large_image\" \/>\n<meta name=\"twitter:label1\" content=\"Est. tempo de leitura\" \/>\n\t<meta name=\"twitter:data1\" content=\"1 minuto\" \/>\n<script type=\"application\/ld+json\" class=\"yoast-schema-graph\">{\"@context\":\"https:\/\/schema.org\",\"@graph\":[{\"@type\":\"WebSite\",\"@id\":\"https:\/\/wmbdesenvolvimento.com.br\/fac\/#website\",\"url\":\"https:\/\/wmbdesenvolvimento.com.br\/fac\/\",\"name\":\"Uninassau\",\"description\":\"Site Oficial\",\"potentialAction\":[{\"@type\":\"SearchAction\",\"target\":{\"@type\":\"EntryPoint\",\"urlTemplate\":\"https:\/\/wmbdesenvolvimento.com.br\/fac\/?s={search_term_string}\"},\"query-input\":\"required name=search_term_string\"}],\"inLanguage\":\"pt-BR\"},{\"@type\":\"ImageObject\",\"inLanguage\":\"pt-BR\",\"@id\":\"https:\/\/wmbdesenvolvimento.com.br\/fac\/enade\/#primaryimage\",\"url\":\"https:\/\/wmbdesenvolvimento.com.br\/fac\/wp-content\/uploads\/2022\/06\/enademob.jpg\",\"contentUrl\":\"https:\/\/wmbdesenvolvimento.com.br\/fac\/wp-content\/uploads\/2022\/06\/enademob.jpg\",\"width\":858,\"height\":560},{\"@type\":\"WebPage\",\"@id\":\"https:\/\/wmbdesenvolvimento.com.br\/fac\/enade\/#webpage\",\"url\":\"https:\/\/wmbdesenvolvimento.com.br\/fac\/enade\/\",\"name\":\"ENADE - Uninassau\",\"isPartOf\":{\"@id\":\"https:\/\/wmbdesenvolvimento.com.br\/fac\/#website\"},\"primaryImageOfPage\":{\"@id\":\"https:\/\/wmbdesenvolvimento.com.br\/fac\/enade\/#primaryimage\"},\"datePublished\":\"2022-06-09T10:36:39+00:00\",\"dateModified\":\"2022-06-21T17:20:34+00:00\",\"breadcrumb\":{\"@id\":\"https:\/\/wmbdesenvolvimento.com.br\/fac\/enade\/#breadcrumb\"},\"inLanguage\":\"pt-BR\",\"potentialAction\":[{\"@type\":\"ReadAction\",\"target\":[\"https:\/\/wmbdesenvolvimento.com.br\/fac\/enade\/\"]}]},{\"@type\":\"BreadcrumbList\",\"@id\":\"https:\/\/wmbdesenvolvimento.com.br\/fac\/enade\/#breadcrumb\",\"itemListElement\":[{\"@type\":\"ListItem\",\"position\":1,\"name\":\"In\u00edcio\",\"item\":\"https:\/\/wmbdesenvolvimento.com.br\/fac\/\"},{\"@type\":\"ListItem\",\"position\":2,\"name\":\"ENADE\"}]}]}<\/script>\n<!-- \/ Yoast SEO plugin. -->","yoast_head_json":{"title":"ENADE - Uninassau","robots":{"index":"index","follow":"follow","max-snippet":"max-snippet:-1","max-image-preview":"max-image-preview:large","max-video-preview":"max-video-preview:-1"},"canonical":"https:\/\/wmbdesenvolvimento.com.br\/fac\/enade\/","og_locale":"pt_BR","og_type":"article","og_title":"ENADE - Uninassau","og_description":"ENADE O Exame Nacional de Desempenho dos Estudantes (Enade) \u00e9 um dos procedimentos de avalia\u00e7\u00e3o do Sistema Nacional de Avalia\u00e7\u00e3o da Educa\u00e7\u00e3o Superior (Sinaes). O Enade \u00e9 realizado pelo Instituto Nacional de Estudos e Pesquisas Educacionais An\u00edsio Teixeira (Inep),\u00a0 Saiba Mais \u00c9 objetivo do Enade acompanhar o processo de aprendizagem e o desempenho acad\u00eamico dos [&hellip;]","og_url":"https:\/\/wmbdesenvolvimento.com.br\/fac\/enade\/","og_site_name":"Uninassau","article_modified_time":"2022-06-21T17:20:34+00:00","og_image":[{"url":"https:\/\/wmbdesenvolvimento.com.br\/fac\/wp-content\/uploads\/2022\/06\/enademob.jpg"}],"author":"admin","twitter_card":"summary_large_image","twitter_misc":{"Est. tempo de leitura":"1 minuto"},"schema":{"@context":"https:\/\/schema.org","@graph":[{"@type":"WebSite","@id":"https:\/\/wmbdesenvolvimento.com.br\/fac\/#website","url":"https:\/\/wmbdesenvolvimento.com.br\/fac\/","name":"Uninassau","description":"Site Oficial","potentialAction":[{"@type":"SearchAction","target":{"@type":"EntryPoint","urlTemplate":"https:\/\/wmbdesenvolvimento.com.br\/fac\/?s={search_term_string}"},"query-input":"required name=search_term_string"}],"inLanguage":"pt-BR"},{"@type":"ImageObject","inLanguage":"pt-BR","@id":"https:\/\/wmbdesenvolvimento.com.br\/fac\/enade\/#primaryimage","url":"https:\/\/wmbdesenvolvimento.com.br\/fac\/wp-content\/uploads\/2022\/06\/enademob.jpg","contentUrl":"https:\/\/wmbdesenvolvimento.com.br\/fac\/wp-content\/uploads\/2022\/06\/enademob.jpg","width":858,"height":560},{"@type":"WebPage","@id":"https:\/\/wmbdesenvolvimento.com.br\/fac\/enade\/#webpage","url":"https:\/\/wmbdesenvolvimento.com.br\/fac\/enade\/","name":"ENADE - Uninassau","isPartOf":{"@id":"https:\/\/wmbdesenvolvimento.com.br\/fac\/#website"},"primaryImageOfPage":{"@id":"https:\/\/wmbdesenvolvimento.com.br\/fac\/enade\/#primaryimage"},"datePublished":"2022-06-09T10:36:39+00:00","dateModified":"2022-06-21T17:20:34+00:00","breadcrumb":{"@id":"https:\/\/wmbdesenvolvimento.com.br\/fac\/enade\/#breadcrumb"},"inLanguage":"pt-BR","potentialAction":[{"@type":"ReadAction","target":["https:\/\/wmbdesenvolvimento.com.br\/fac\/enade\/"]}]},{"@type":"BreadcrumbList","@id":"https:\/\/wmbdesenvolvimento.com.br\/fac\/enade\/#breadcrumb","itemListElement":[{"@type":"ListItem","position":1,"name":"In\u00edcio","item":"https:\/\/wmbdesenvolvimento.com.br\/fac\/"},{"@type":"ListItem","position":2,"name":"ENADE"}]}]}},"_links":{"self":[{"href":"https:\/\/wmbdesenvolvimento.com.br\/fac\/wp-json\/wp\/v2\/pages\/1003","targetHints":{"allow":["GET"]}}],"collection":[{"href":"https:\/\/wmbdesenvolvimento.com.br\/fac\/wp-json\/wp\/v2\/pages"}],"about":[{"href":"https:\/\/wmbdesenvolvimento.com.br\/fac\/wp-json\/wp\/v2\/types\/page"}],"author":[{"embeddable":true,"href":"https:\/\/wmbdesenvolvimento.com.br\/fac\/wp-json\/wp\/v2\/users\/1"}],"replies":[{"embeddable":true,"href":"https:\/\/wmbdesenvolvimento.com.br\/fac\/wp-json\/wp\/v2\/comments?post=1003"}],"version-history":[{"count":0,"href":"https:\/\/wmbdesenvolvimento.com.br\/fac\/wp-json\/wp\/v2\/pages\/1003\/revisions"}],"wp:attachment":[{"href":"https:\/\/wmbdesenvolvimento.com.br\/fac\/wp-json\/wp\/v2\/media?parent=1003"}],"curies":[{"name":"wp","href":"https:\/\/api.w.org\/{rel}","templated":true}]}}